{"id":1036,"date":"2025-10-16T22:01:15","date_gmt":"2025-10-16T22:01:15","guid":{"rendered":"https:\/\/yoursigna.com\/datenschutzerklaerung\/"},"modified":"2025-11-09T19:43:40","modified_gmt":"2025-11-09T19:43:40","slug":"datenschutzerklaerung","status":"publish","type":"page","link":"https:\/\/yoursigna.com\/de\/datenschutzerklaerung\/","title":{"rendered":"Datenschutzerkl\u00e4rung"},"content":{"rendered":"\t\t<div data-elementor-type=\"wp-page\" data-elementor-id=\"1036\" class=\"elementor elementor-1036 elementor-416\" data-elementor-post-type=\"page\">\n\t\t\t\t<div class=\"elementor-element elementor-element-03bacff e-flex e-con-boxed e-con e-parent\" data-id=\"03bacff\" data-element_type=\"container\" data-e-type=\"container\" data-settings=\"{&quot;background_background&quot;:&quot;classic&quot;}\">\n\t\t\t\t\t<div class=\"e-con-inner\">\n\t\t\t\t<div class=\"elementor-element elementor-element-ef1eabe elementor-widget elementor-widget-heading\" data-id=\"ef1eabe\" data-element_type=\"widget\" data-e-type=\"widget\" data-widget_type=\"heading.default\">\n\t\t\t\t<div class=\"elementor-widget-container\">\n\t\t\t\t\t<h2 class=\"elementor-heading-title elementor-size-default\">Datenschutzerkl\u00e4rung<\/h2>\t\t\t\t<\/div>\n\t\t\t\t<\/div>\n\t\t\t\t<div class=\"elementor-element elementor-element-6be89e1 elementor-widget-divider--view-line elementor-widget elementor-widget-divider\" data-id=\"6be89e1\" data-element_type=\"widget\" data-e-type=\"widget\" data-widget_type=\"divider.default\">\n\t\t\t\t<div class=\"elementor-widget-container\">\n\t\t\t\t\t\t\t<div class=\"elementor-divider\">\n\t\t\t<span class=\"elementor-divider-separator\">\n\t\t\t\t\t\t<\/span>\n\t\t<\/div>\n\t\t\t\t\t\t<\/div>\n\t\t\t\t<\/div>\n\t\t\t\t\t<\/div>\n\t\t\t\t<\/div>\n\t\t<div class=\"elementor-element elementor-element-d325fb5 e-flex e-con-boxed e-con e-parent\" data-id=\"d325fb5\" data-element_type=\"container\" data-e-type=\"container\">\n\t\t\t\t\t<div class=\"e-con-inner\">\n\t\t\t\t<div class=\"elementor-element elementor-element-7d50f5e elementor-widget elementor-widget-text-editor\" data-id=\"7d50f5e\" data-element_type=\"widget\" data-e-type=\"widget\" data-widget_type=\"text-editor.default\">\n\t\t\t\t<div class=\"elementor-widget-container\">\n\t\t\t\t\t\t\t\t\t<p>WILLKOMMEN<\/p>\t\t\t\t\t\t\t\t<\/div>\n\t\t\t\t<\/div>\n\t\t\t\t<div class=\"elementor-element elementor-element-5ca40a6 elementor-widget__width-initial elementor-widget elementor-widget-heading\" data-id=\"5ca40a6\" data-element_type=\"widget\" data-e-type=\"widget\" data-widget_type=\"heading.default\">\n\t\t\t\t<div class=\"elementor-widget-container\">\n\t\t\t\t\t<h3 class=\"elementor-heading-title elementor-size-default\">Datenschutzerkl\u00e4rung<\/h3>\t\t\t\t<\/div>\n\t\t\t\t<\/div>\n\t\t\t\t<div class=\"elementor-element elementor-element-4de4bec elementor-widget-divider--view-line elementor-widget elementor-widget-divider\" data-id=\"4de4bec\" data-element_type=\"widget\" data-e-type=\"widget\" data-widget_type=\"divider.default\">\n\t\t\t\t<div class=\"elementor-widget-container\">\n\t\t\t\t\t\t\t<div class=\"elementor-divider\">\n\t\t\t<span class=\"elementor-divider-separator\">\n\t\t\t\t\t\t<\/span>\n\t\t<\/div>\n\t\t\t\t\t\t<\/div>\n\t\t\t\t<\/div>\n\t\t\t\t<div class=\"elementor-element elementor-element-be7038d elementor-widget__width-initial elementor-widget elementor-widget-text-editor\" data-id=\"be7038d\" data-element_type=\"widget\" data-e-type=\"widget\" data-widget_type=\"text-editor.default\">\n\t\t\t\t<div class=\"elementor-widget-container\">\n\t\t\t\t\t\t\t\t\t<div class=\"mb-12\"><p>Letzte Aktualisierung Oktober 2025<\/p><\/div><div class=\"mb-12\"><div class=\"bg-gray-50 p-6 rounded-lg\"> <\/div><p class=\"p1\"><span class=\"s1\"><b>Datenschutzerkl\u00e4rung<\/b><\/span><\/p><ol class=\"ol1\"><li class=\"li3\"><b>DATENVERARBEITUNG<\/b><\/li><\/ol><p class=\"p3\">In \u00dcbereinstimmung mit der Verordnung (EU) 2016\/679 des Europ\u00e4ischen Parlaments und des Rates vom 27. April 2016 (DSGVO) und dem Organgesetz 3\/2018 vom 5. Dezember \u00fcber den Schutz personenbezogener Daten und die Gew\u00e4hrleistung digitaler Rechte (LOPDGDD) informieren wir Sie dar\u00fcber, dass die personenbezogenen Daten, die Sie \u00fcber die Kontaktformulare, Informationsanfragen oder andere auf unserer Website oder in physischer Form verf\u00fcgbare Mittel bereitstellen, in ein Datenverarbeitungssystem von CITIZENTRAL GESTI\u00d3N S.L. aufgenommen werden, dessen Hauptzweck darin besteht:<\/p><ul class=\"ul1\"><li class=\"li3\">Um Sie \u00fcber zuk\u00fcnftige Immobilienprojekte, die m\u00f6glicherweise entwickelt werden, auf dem Laufenden zu halten.<\/li><\/ul><ul class=\"ul1\"><li class=\"li3\">Um auf Ihre Anfragen zu Informationen \u00fcber Produkte oder Dienstleistungen zu antworten.<\/li><\/ul><ul class=\"ul1\"><li class=\"li3\">Um Ihnen Nachrichten, Neuigkeiten oder Inhalte zum Immobiliensektor zuzusenden.<\/li><\/ul><ul class=\"ul1\"><li class=\"li3\">Verbesserung der Qualit\u00e4t der angebotenen Dienstleistungen durch Analysen und statistische Studien.<\/li><\/ul><p class=\"p3\">CITIZENTRAL GESTI\u00d3N S.L. garantiert, dass personenbezogene Daten auf loyale, rechtm\u00e4\u00dfige und transparente Weise verarbeitet und nur f\u00fcr bestimmte, ausdr\u00fcckliche und legitime Zwecke erhoben werden, ohne dass sie in einer mit diesen Zwecken unvereinbaren Weise weiterverarbeitet werden.<\/p><p class=\"p3\">Ebenso verpflichtet sich CITIZENTRAL GESTI\u00d3N S.L., personenbezogene Daten zu l\u00f6schen, zu entfernen oder zu sperren, wenn sie f\u00fcr die Zwecke, f\u00fcr die sie erhoben wurden, nicht mehr erforderlich oder relevant sind oder wenn der Eigent\u00fcmer dies in Aus\u00fcbung seiner Rechte verlangt.<\/p><p class=\"p3\">F\u00fcr den Fall, dass die bereitgestellten Daten Dritten betreffen (z. B. Angeh\u00f6rige, Mitarbeiter, Familienmitglieder usw.), garantiert der Nutzer, dass er diese Personen zuvor \u00fcber den Inhalt dieser Datenschutzerkl\u00e4rung informiert und ihre Zustimmung zur \u00dcbermittlung ihrer Daten an CITIZENTRAL GESTI\u00d3N S.L. eingeholt hat, wobei er die volle Verantwortung f\u00fcr etwaige Verst\u00f6\u00dfe in dieser Angelegenheit \u00fcbernimmt.<\/p><ol class=\"ol1\"><li class=\"li3\"><b>WEITERGABE VON DATEN AN DRITTE<\/b><\/li><\/ol><p class=\"p3\">CITIZENTRAL GESTI\u00d3N S.L. informiert Sie dar\u00fcber, dass Ihre personenbezogenen Daten nicht an Dritte weitergegeben werden, au\u00dfer in gesetzlich zul\u00e4ssigen F\u00e4llen oder wenn dies f\u00fcr die ordnungsgem\u00e4\u00dfe Erf\u00fcllung der Zwecke der Verarbeitung erforderlich ist.<\/p><p class=\"p3\">Bestimmte externe Anbieter oder Kooperationspartner (z. B. Technologiedienstleister, CRM-Tool-Anbieter, Agenturen f\u00fcr digitales Marketing oder Rechts- oder Steuerberatungsunternehmen) k\u00f6nnen jedoch Zugriff auf die Daten haben, wenn dies f\u00fcr die Erbringung der Dienstleistung unbedingt erforderlich ist. In diesem Fall agieren sie in jedem Fall als Datenverarbeiter gem\u00e4\u00df Artikel 28 DSGVO und im Rahmen eines Vertrags, der die Vertraulichkeit, Integrit\u00e4t und Sicherheit personenbezogener Daten gew\u00e4hrleistet.<\/p><p class=\"p3\">Es werden keine internationalen Daten\u00fcbermittlungen au\u00dferhalb des Europ\u00e4ischen Wirtschaftsraums vorgenommen, es sei denn, die betroffene Person hat ausdr\u00fccklich zugestimmt oder es besteht eine gesetzliche Verpflichtung dazu.<\/p><ol class=\"ol1\"><li class=\"li3\"><b>WERBUNG<\/b><\/li><\/ol><p class=\"p3\">In \u00dcbereinstimmung mit Artikel 21 des Gesetzes 34\/2002 \u00fcber Dienste der Informationsgesellschaft und den elektronischen Gesch\u00e4ftsverkehr (LSSI) informieren wir Sie dar\u00fcber, dass CITIZENTRAL GESTI\u00d3N S.L. Ihnen bei Vorliegen einer vorherigen Vertragsbeziehung auf der Grundlage Ihres berechtigten Interesses kommerzielle Mitteilungen \u00fcber Produkte oder Dienstleistungen zusenden kann, die den urspr\u00fcnglich vertraglich vereinbarten \u00e4hnlich sind.<\/p><p class=\"p3\">Andernfalls wird Ihre ausdr\u00fcckliche Zustimmung \u00fcber die entsprechenden Formulare eingeholt, einschlie\u00dflich der Option, den Versand von Werbemitteilungen \u00fcber alle Kan\u00e4le, einschlie\u00dflich elektronischer, zu akzeptieren oder abzulehnen.<\/p><p class=\"p3\">Sie k\u00f6nnen Ihre Einwilligung jederzeit widerrufen oder der Verarbeitung zu Werbezwecken widersprechen, indem Sie dies \u00fcber die in dieser Richtlinie angegebenen Mittel beantragen.<\/p><ol class=\"ol1\"><li class=\"li3\"><b>SICHERHEITSMASSNAHMEN<\/b><\/li><\/ol><p class=\"p3\">CITIZENTRAL GESTI\u00d3N S.L. teilt mit, dass es gem\u00e4\u00df den Bestimmungen von Artikel 32 der DSGVO geeignete technische und organisatorische Ma\u00dfnahmen ergreift, um ein dem Risiko angemessenes Sicherheitsniveau zu gew\u00e4hrleisten.<\/p><p class=\"p3\">Diese Ma\u00dfnahmen umfassen unter anderem:<\/p><ul class=\"ul1\"><li class=\"li3\">Physische und logische Zugangskontrolle.<\/li><\/ul><ul class=\"ul1\"><li class=\"li3\">Verschl\u00fcsselung sensibler Kommunikation und Daten.<\/li><\/ul><ul class=\"ul1\"><li class=\"li3\">Regelm\u00e4\u00dfige Backups.<\/li><\/ul><ul class=\"ul1\"><li class=\"li3\">Vertraulichkeitsvereinbarungen mit Mitarbeitern und Lieferanten.<\/li><\/ul><ul class=\"ul1\"><li class=\"li3\">Regelm\u00e4\u00dfige interne Audits.<\/li><\/ul><p class=\"p3\">Der Nutzer muss sich jedoch bewusst sein, dass keine technische Ma\u00dfnahme unfehlbar ist und dass es aufgrund der Handlungen Dritter zu Zwischenf\u00e4llen kommen kann. CITIZENTRAL GESTI\u00d3N S.L. verpflichtet sich, jede Sicherheitsverletzung gem\u00e4\u00df der DSGVO unverz\u00fcglich zu melden. <\/p><ol class=\"ol1\"><li class=\"li3\"><b>AUS\u00dcBUNG VON RECHTEN<\/b><\/li><\/ol><p class=\"p3\">Der Nutzer kann jederzeit die in den Artikeln 15 bis 22 der DSGVO anerkannten Rechte aus\u00fcben, darunter:<\/p><ul class=\"ul1\"><li class=\"li3\">Auskunftsrecht: Recht auf Auskunft dar\u00fcber, welche Daten zu welchem Zweck verarbeitet werden.<\/li><\/ul><ul class=\"ul1\"><li class=\"li3\">Recht auf Berichtigung: unrichtige oder unvollst\u00e4ndige Daten korrigieren.<\/li><\/ul><ul class=\"ul1\"><li class=\"li3\">Recht auf L\u00f6schung: Beantragen Sie die L\u00f6schung von Daten, wenn diese nicht mehr erforderlich sind (Recht auf Vergessenwerden).<\/li><\/ul><ul class=\"ul1\"><li class=\"li3\">Recht auf Einschr\u00e4nkung der Verarbeitung: Einschr\u00e4nkung der Verwendung Ihrer Daten in bestimmten F\u00e4llen.<\/li><\/ul><ul class=\"ul1\"><li class=\"li3\">Recht auf Daten\u00fcbertragbarkeit: Erhalten Sie Ihre Daten in einem strukturierten Format oder beantragen Sie deren \u00dcbertragung an einen anderen Verantwortlichen.<\/li><\/ul><ul class=\"ul1\"><li class=\"li3\">Widerspruchsrecht: Widerspruch gegen die Verarbeitung unter bestimmten Umst\u00e4nden, insbesondere zu kommerziellen Zwecken.<\/li><\/ul><p class=\"p3\">Diese Rechte k\u00f6nnen durch eine schriftliche Anfrage an folgende Adresse ausge\u00fcbt werden:<\/p><p class=\"p3\">CITIZENTRAL GESTI\u00d3N GMBH<\/p><p class=\"p3\">Calle Juristas 9, 46001, Valencia<\/p><p class=\"p3\">Email: lopd@yoursigna.com<\/p><p class=\"p3\">Der Antrag muss den Vor- und Nachnamen, eine Kopie des Personalausweises oder eines gleichwertigen Dokuments sowie die Angabe des Rechts, das Sie aus\u00fcben m\u00f6chten, enthalten.<\/p><p class=\"p3\">Likewise, if you consider that your rights have been violated, you can file a complaint with the Spanish Data Protection Agency (AEPD):<\/p><p class=\"p3\">C\/ Jorge Juan, 6 \u2013 28001 Madrid<\/p><p class=\"p7\"><span class=\"s1\"><a href=\"http:\/\/www.aepd.es\">www.aepd.es<\/a><\/span><\/p><ol class=\"ol1\"><li class=\"li3\"><b>DATENSPEICHERUNG<\/b><\/li><\/ol><p class=\"p3\">Personenbezogene Daten werden nur so lange gespeichert, wie es f\u00fcr den Zweck, f\u00fcr den sie erhoben wurden, unbedingt erforderlich ist, und in jedem Fall:<\/p><ul class=\"ul1\"><li class=\"li3\">Solange das kommerzielle oder legitime Interesse besteht.<\/li><\/ul><ul class=\"ul1\"><li class=\"li3\">Solange die Einwilligung nicht widerrufen oder die L\u00f6schung beantragt wird.<\/li><\/ul><ul class=\"ul1\"><li class=\"li3\">W\u00e4hrend der gesetzlich vorgeschriebenen Fristen (z. B. steuerlich oder vertraglich).<\/li><\/ul><p class=\"p3\">Sobald der Zweck erf\u00fcllt ist oder die Frist abgelaufen ist, werden die Daten sicher gel\u00f6scht oder anonymisiert.<\/p><ol class=\"ol1\"><li class=\"li3\"><b>\u00c4NDERUNGEN DER DATENSCHUTZRICHTLINIE<\/b><\/li><\/ol><p class=\"p3\">CITIZENTRAL GESTI\u00d3N S.L. reserves the right to modify this Privacy Policy to adapt it to future legislative, jurisprudential or technical developments. In such cases, the user will be notified in reasonable advance of the implementation of the changes by means of a prominent notice on the website or by email. <\/p><\/div><p> <\/p><p> <\/p><div class=\"mb-12\"><ol class=\"ol1\"><li class=\"li3\"><b>WAS SIND COOKIES?<\/b><\/li><\/ol><p class=\"p3\">Ein Cookie ist eine Datei, die beim Zugriff auf bestimmte Webseiten auf Ihr Ger\u00e4t heruntergeladen wird. Cookies erm\u00f6glichen es einer Website, Informationen \u00fcber die Surfgewohnheiten eines Benutzers oder seines Computers zu speichern und abzurufen. Je nach den darin enthaltenen Informationen und der Art und Weise, wie sie ihre Ger\u00e4te nutzen, k\u00f6nnen sie dazu verwendet werden, den Benutzer zu erkennen. <\/p><\/div><div class=\"mb-12\"><ol class=\"ol1\"><li class=\"li3\"><b>VERWENDETE COOKIE-TYPEN<\/b><\/li><\/ol><p class=\"p3\">3.1. Laut der Stelle, die sie verwaltet:<\/p><ul class=\"ul1\"><li class=\"li3\">Erstanbieter-Cookies: Dies sind Cookies, die von einer von CITIZENTRAL GESTI\u00d3N S.L. verwalteten Domain an das Ger\u00e4t des Benutzers gesendet werden.<\/li><\/ul><ul class=\"ul1\"><li class=\"li3\">Cookies von Drittanbietern: Hierbei handelt es sich um Cookies, die von einer Domain, die nicht von CITIZENTRAL GESTI\u00d3N S.L. verwaltet wird, sondern von einem anderen Unternehmen, das die durch Cookies gewonnenen Daten verarbeitet, an das Ger\u00e4t des Benutzers gesendet werden.<\/li><\/ul><p class=\"p3\">3.2. Entsprechend seinem Zweck:<\/p><ul class=\"ul1\"><li class=\"li3\">Technische Cookies: Sie erm\u00f6glichen das Surfen auf der Website und die Nutzung ihrer verschiedenen Optionen oder Dienste.<\/li><\/ul><ul class=\"ul1\"><li class=\"li3\">Personalisierungs-Cookies: Sie erm\u00f6glichen dem Benutzer den Zugriff auf den Dienst mit vordefinierten Merkmalen wie Sprache, Browsertyp usw.<\/li><\/ul><ul class=\"ul1\"><li class=\"li3\">Analyse-Cookies: Sie erm\u00f6glichen die Quantifizierung der Nutzerzahlen und die Durchf\u00fchrung statistischer Analysen zur Nutzung der Website.<\/li><\/ul><ul class=\"ul1\"><li class=\"li3\">Werbe-Cookies: Sie erm\u00f6glichen Ihnen eine effektive Verwaltung von Werbefl\u00e4chen.<\/li><\/ul><ul class=\"ul1\"><li class=\"li3\">Verhaltensbasierte Werbe-Cookies: Sie speichern Informationen zum Nutzerverhalten, um personalisierte Werbung anzuzeigen.<\/li><\/ul><p class=\"p3\">3.3. Je nach Dauer ihrer Aktivierung:<\/p><ul class=\"ul1\"><li class=\"li3\">Sitzungscookies: Dienen dazu, Daten zu sammeln und zu speichern, w\u00e4hrend der Benutzer auf eine Website zugreift.<\/li><\/ul><ul class=\"ul1\"><li class=\"li3\">Persistente Cookies: Die Daten werden weiterhin auf dem Endger\u00e4t gespeichert und k\u00f6nnen f\u00fcr einen bestimmten Zeitraum abgerufen und verarbeitet werden.<\/li><\/ul><ol class=\"ol1\"><li class=\"li3\"><b>AUF DIESER WEBSITE VERWENDETE COOKIES<\/b><\/li><\/ol><p class=\"p3\">Diese Website verwendet Google Analytics, um die Nutzung der Website durch die Benutzer zu analysieren. Dieses Tool verwendet Cookies, die anonyme Informationen sammeln, darunter die Anzahl der Besucher der Website, woher sie kommen und welche Seiten sie besucht haben. Werbedienste wie Google Ads (DoubleClick) werden ebenfalls verwendet, um relevante Anzeigen basierend auf Ihrem Verhalten anzuzeigen.  <\/p><ol class=\"ol1\"><li class=\"li3\"><b>ZUSTIMMUNG UND COOKIE-VERWALTUNG<\/b><\/li><\/ol><p class=\"p3\">Wenn Sie unsere Website aufrufen, wird Ihnen ein informatives Banner zur Verwendung von Cookies angezeigt, \u00fcber das Sie alle Cookies akzeptieren, ablehnen oder Ihre Pr\u00e4ferenzen konfigurieren k\u00f6nnen. Sie k\u00f6nnen Ihre Einwilligung jederzeit \u00fcber das aktivierte Einstellungsfeld \u00e4ndern oder widerrufen. <\/p><ol class=\"ol1\"><li class=\"li3\"><b>SO DEAKTIVIEREN SIE COOKIES<\/b><\/li><\/ol><p class=\"p3\">Sie k\u00f6nnen die auf Ihrem Computer installierten Cookies zulassen, blockieren oder l\u00f6schen, indem Sie die Optionen des auf Ihrem Ger\u00e4t installierten Browsers konfigurieren. Nachfolgend finden Sie die Links zu den wichtigsten Browsern: <\/p><ul class=\"ul1\"><li class=\"li8\"><span class=\"s5\">Chrome: <a href=\"https:\/\/support.google.com\/chrome\/answer\/95647?hl=es\"><span class=\"s6\">https:\/\/support.google.com\/chrome\/answer\/95647?hl=es<\/span><\/a><\/span><\/li><\/ul><ul class=\"ul1\"><li class=\"li3\">Firefox: https:\/\/support.mozilla.org\/es\/kb\/habilitar-y-deshabilitar-cookies<\/li><\/ul><ul class=\"ul1\"><li class=\"li3\">Internet Explorer: https:\/\/support.microsoft.com\/es-es\/help\/17442\/windows-internet-explorer-delete-manage-cookies<\/li><\/ul><ul class=\"ul1\"><li class=\"li3\">Safari: https:\/\/support.apple.com\/es-es\/guide\/safari\/sfri11471\/mac<\/li><\/ul><ol class=\"ol1\"><li class=\"li3\"><b>\u00c4NDERUNGEN DER COOKIE-RICHTLINIE<\/b><\/li><\/ol><p class=\"p3\">CITIZENTRAL GESTI\u00d3N S.L. beh\u00e4lt sich das Recht vor, diese Cookie-Richtlinie zu \u00e4ndern, um sie an neue Gesetze, Vorschriften oder Anweisungen der spanischen Datenschutzbeh\u00f6rde anzupassen. Wir empfehlen Ihnen, diese Richtlinie regelm\u00e4\u00dfig zu \u00fcberpr\u00fcfen. <\/p><ol class=\"ol1\"><li class=\"li3\"><b>CONTACT<\/b><\/li><\/ol><p class=\"p3\">Wenn Sie Fragen zu dieser Cookie-Richtlinie haben, k\u00f6nnen Sie uns unter folgender Adresse kontaktieren:<\/p><p class=\"p9\">CITIZENTRAL GESTI\u00d3N GMBH<\/p><p class=\"p9\">Calle Juristas 9, 46001 in Valencia.<\/p><p class=\"p3\">lopd@yoursigna.com<\/p><\/div>\t\t\t\t\t\t\t\t<\/div>\n\t\t\t\t<\/div>\n\t\t\t\t<div class=\"elementor-element elementor-element-894b72a elementor-widget__width-initial elementor-widget elementor-widget-heading\" data-id=\"894b72a\" data-element_type=\"widget\" data-e-type=\"widget\" data-widget_type=\"heading.default\">\n\t\t\t\t<div class=\"elementor-widget-container\">\n\t\t\t\t\t<h3 class=\"elementor-heading-title elementor-size-default\">Kontakt<\/h3>\t\t\t\t<\/div>\n\t\t\t\t<\/div>\n\t\t\t\t<div class=\"elementor-element elementor-element-cf96258 elementor-widget-divider--view-line elementor-widget elementor-widget-divider\" data-id=\"cf96258\" data-element_type=\"widget\" data-e-type=\"widget\" data-widget_type=\"divider.default\">\n\t\t\t\t<div class=\"elementor-widget-container\">\n\t\t\t\t\t\t\t<div class=\"elementor-divider\">\n\t\t\t<span class=\"elementor-divider-separator\">\n\t\t\t\t\t\t<\/span>\n\t\t<\/div>\n\t\t\t\t\t\t<\/div>\n\t\t\t\t<\/div>\n\t\t\t\t<div class=\"elementor-element elementor-element-3589b4c elementor-align-start elementor-icon-list--layout-traditional elementor-list-item-link-full_width elementor-widget elementor-widget-icon-list\" data-id=\"3589b4c\" data-element_type=\"widget\" data-e-type=\"widget\" data-widget_type=\"icon-list.default\">\n\t\t\t\t<div class=\"elementor-widget-container\">\n\t\t\t\t\t\t\t<ul class=\"elementor-icon-list-items\">\n\t\t\t\t\t\t\t<li class=\"elementor-icon-list-item\">\n\t\t\t\t\t\t\t\t\t\t\t<a href=\"tel:+34963254247\">\n\n\t\t\t\t\t\t\t\t\t\t\t\t<span class=\"elementor-icon-list-icon\">\n\t\t\t\t\t\t\t<svg aria-hidden=\"true\" class=\"e-font-icon-svg e-fas-phone-alt\" viewBox=\"0 0 512 512\" xmlns=\"http:\/\/www.w3.org\/2000\/svg\"><path d=\"M497.39 361.8l-112-48a24 24 0 0 0-28 6.9l-49.6 60.6A370.66 370.66 0 0 1 130.6 204.11l60.6-49.6a23.94 23.94 0 0 0 6.9-28l-48-112A24.16 24.16 0 0 0 122.6.61l-104 24A24 24 0 0 0 0 48c0 256.5 207.9 464 464 464a24 24 0 0 0 23.4-18.6l24-104a24.29 24.29 0 0 0-14.01-27.6z\"><\/path><\/svg>\t\t\t\t\t\t<\/span>\n\t\t\t\t\t\t\t\t\t\t<span class=\"elementor-icon-list-text\">+34 963 25 42 47<\/span>\n\t\t\t\t\t\t\t\t\t\t\t<\/a>\n\t\t\t\t\t\t\t\t\t<\/li>\n\t\t\t\t\t\t\t\t<li class=\"elementor-icon-list-item\">\n\t\t\t\t\t\t\t\t\t\t\t<a href=\"mailto:info@yoursigna.com\">\n\n\t\t\t\t\t\t\t\t\t\t\t\t<span class=\"elementor-icon-list-icon\">\n\t\t\t\t\t\t\t<svg aria-hidden=\"true\" class=\"e-font-icon-svg e-far-envelope\" viewBox=\"0 0 512 512\" xmlns=\"http:\/\/www.w3.org\/2000\/svg\"><path d=\"M464 64H48C21.49 64 0 85.49 0 112v288c0 26.51 21.49 48 48 48h416c26.51 0 48-21.49 48-48V112c0-26.51-21.49-48-48-48zm0 48v40.805c-22.422 18.259-58.168 46.651-134.587 106.49-16.841 13.247-50.201 45.072-73.413 44.701-23.208.375-56.579-31.459-73.413-44.701C106.18 199.465 70.425 171.067 48 152.805V112h416zM48 400V214.398c22.914 18.251 55.409 43.862 104.938 82.646 21.857 17.205 60.134 55.186 103.062 54.955 42.717.231 80.509-37.199 103.053-54.947 49.528-38.783 82.032-64.401 104.947-82.653V400H48z\"><\/path><\/svg>\t\t\t\t\t\t<\/span>\n\t\t\t\t\t\t\t\t\t\t<span class=\"elementor-icon-list-text\">info@yoursigna.com<\/span>\n\t\t\t\t\t\t\t\t\t\t\t<\/a>\n\t\t\t\t\t\t\t\t\t<\/li>\n\t\t\t\t\t\t<\/ul>\n\t\t\t\t\t\t<\/div>\n\t\t\t\t<\/div>\n\t\t\t\t<div class=\"elementor-element elementor-element-bb1f9c7 elementor-widget__width-initial elementor-widget elementor-widget-heading\" data-id=\"bb1f9c7\" data-element_type=\"widget\" data-e-type=\"widget\" data-widget_type=\"heading.default\">\n\t\t\t\t<div class=\"elementor-widget-container\">\n\t\t\t\t\t<h3 class=\"elementor-heading-title elementor-size-default\">Gesetzliche Vertreter<\/h3>\t\t\t\t<\/div>\n\t\t\t\t<\/div>\n\t\t\t\t<div class=\"elementor-element elementor-element-e42a9a9 elementor-widget-divider--view-line elementor-widget elementor-widget-divider\" data-id=\"e42a9a9\" data-element_type=\"widget\" data-e-type=\"widget\" data-widget_type=\"divider.default\">\n\t\t\t\t<div class=\"elementor-widget-container\">\n\t\t\t\t\t\t\t<div class=\"elementor-divider\">\n\t\t\t<span class=\"elementor-divider-separator\">\n\t\t\t\t\t\t<\/span>\n\t\t<\/div>\n\t\t\t\t\t\t<\/div>\n\t\t\t\t<\/div>\n\t\t\t\t<div class=\"elementor-element elementor-element-c238578 elementor-widget__width-initial elementor-widget elementor-widget-text-editor\" data-id=\"c238578\" data-element_type=\"widget\" data-e-type=\"widget\" data-widget_type=\"text-editor.default\">\n\t\t\t\t<div class=\"elementor-widget-container\">\n\t\t\t\t\t\t\t\t\t<p>John Doe &#8211; <span class=\"text-[#987850]\">Managing Director<\/span><br>Jane Smith &#8211; <span class=\"text-[#987850]\">Managing Director<\/span><\/p>\t\t\t\t\t\t\t\t<\/div>\n\t\t\t\t<\/div>\n\t\t\t\t\t<\/div>\n\t\t\t\t<\/div>\n\t\t\t\t<\/div>\n\t\t","protected":false},"excerpt":{"rendered":"<p>Datenschutzerkl\u00e4rung WILLKOMMEN Datenschutzerkl\u00e4rung Letzte Aktualisierung Oktober 2025 Datenschutzerkl\u00e4rung DATENVERARBEITUNG In \u00dcbereinstimmung mit der Verordnung (EU) 2016\/679 des Europ\u00e4ischen Parlaments und des Rates vom 27. April 2016 (DSGVO) und dem Organgesetz 3\/2018 vom 5. Dezember \u00fcber den Schutz personenbezogener Daten und die Gew\u00e4hrleistung digitaler Rechte (LOPDGDD) informieren wir Sie dar\u00fcber, dass die personenbezogenen Daten, die Sie [&hellip;]<\/p>\n","protected":false},"author":1,"featured_media":0,"parent":0,"menu_order":0,"comment_status":"closed","ping_status":"closed","template":"","meta":{"footnotes":""},"class_list":["post-1036","page","type-page","status-publish","hentry"],"_links":{"self":[{"href":"https:\/\/yoursigna.com\/de\/wp-json\/wp\/v2\/pages\/1036","targetHints":{"allow":["GET"]}}],"collection":[{"href":"https:\/\/yoursigna.com\/de\/wp-json\/wp\/v2\/pages"}],"about":[{"href":"https:\/\/yoursigna.com\/de\/wp-json\/wp\/v2\/types\/page"}],"author":[{"embeddable":true,"href":"https:\/\/yoursigna.com\/de\/wp-json\/wp\/v2\/users\/1"}],"replies":[{"embeddable":true,"href":"https:\/\/yoursigna.com\/de\/wp-json\/wp\/v2\/comments?post=1036"}],"version-history":[{"count":0,"href":"https:\/\/yoursigna.com\/de\/wp-json\/wp\/v2\/pages\/1036\/revisions"}],"wp:attachment":[{"href":"https:\/\/yoursigna.com\/de\/wp-json\/wp\/v2\/media?parent=1036"}],"curies":[{"name":"wp","href":"https:\/\/api.w.org\/{rel}","templated":true}]}}