{"id":1063,"date":"2025-10-16T21:52:03","date_gmt":"2025-10-16T21:52:03","guid":{"rendered":"https:\/\/yoursigna.com\/impressum\/"},"modified":"2025-11-09T20:23:49","modified_gmt":"2025-11-09T20:23:49","slug":"impressum","status":"publish","type":"page","link":"https:\/\/yoursigna.com\/de\/impressum\/","title":{"rendered":"Impressum"},"content":{"rendered":"\t\t<div data-elementor-type=\"wp-page\" data-elementor-id=\"1063\" class=\"elementor elementor-1063 elementor-1120\" data-elementor-post-type=\"page\">\n\t\t\t\t<div class=\"elementor-element elementor-element-b11bd98 e-flex e-con-boxed e-con e-parent\" data-id=\"b11bd98\" data-element_type=\"container\" data-e-type=\"container\" data-settings=\"{&quot;background_background&quot;:&quot;classic&quot;}\">\n\t\t\t\t\t<div class=\"e-con-inner\">\n\t\t\t\t<div class=\"elementor-element elementor-element-e0ff5c6 elementor-widget elementor-widget-heading\" data-id=\"e0ff5c6\" data-element_type=\"widget\" data-e-type=\"widget\" data-widget_type=\"heading.default\">\n\t\t\t\t<div class=\"elementor-widget-container\">\n\t\t\t\t\t<h2 class=\"elementor-heading-title elementor-size-default\">Impressum<\/h2>\t\t\t\t<\/div>\n\t\t\t\t<\/div>\n\t\t\t\t<div class=\"elementor-element elementor-element-6ee56d6 elementor-widget-divider--view-line elementor-widget elementor-widget-divider\" data-id=\"6ee56d6\" data-element_type=\"widget\" data-e-type=\"widget\" data-widget_type=\"divider.default\">\n\t\t\t\t<div class=\"elementor-widget-container\">\n\t\t\t\t\t\t\t<div class=\"elementor-divider\">\n\t\t\t<span class=\"elementor-divider-separator\">\n\t\t\t\t\t\t<\/span>\n\t\t<\/div>\n\t\t\t\t\t\t<\/div>\n\t\t\t\t<\/div>\n\t\t\t\t\t<\/div>\n\t\t\t\t<\/div>\n\t\t<div class=\"elementor-element elementor-element-62ced60 e-flex e-con-boxed e-con e-parent\" data-id=\"62ced60\" data-element_type=\"container\" data-e-type=\"container\">\n\t\t\t\t\t<div class=\"e-con-inner\">\n\t\t\t\t<div class=\"elementor-element elementor-element-c55bd59 elementor-widget elementor-widget-text-editor\" data-id=\"c55bd59\" data-element_type=\"widget\" data-e-type=\"widget\" data-widget_type=\"text-editor.default\">\n\t\t\t\t<div class=\"elementor-widget-container\">\n\t\t\t\t\t\t\t\t\t<p>WILLKOMMEN<\/p>\t\t\t\t\t\t\t\t<\/div>\n\t\t\t\t<\/div>\n\t\t\t\t<div class=\"elementor-element elementor-element-ea4710a elementor-widget__width-initial elementor-widget elementor-widget-heading\" data-id=\"ea4710a\" data-element_type=\"widget\" data-e-type=\"widget\" data-widget_type=\"heading.default\">\n\t\t\t\t<div class=\"elementor-widget-container\">\n\t\t\t\t\t<h3 class=\"elementor-heading-title elementor-size-default\">Firmen Informationen <\/h3>\t\t\t\t<\/div>\n\t\t\t\t<\/div>\n\t\t\t\t<div class=\"elementor-element elementor-element-27acc82 elementor-widget-divider--view-line elementor-widget elementor-widget-divider\" data-id=\"27acc82\" data-element_type=\"widget\" data-e-type=\"widget\" data-widget_type=\"divider.default\">\n\t\t\t\t<div class=\"elementor-widget-container\">\n\t\t\t\t\t\t\t<div class=\"elementor-divider\">\n\t\t\t<span class=\"elementor-divider-separator\">\n\t\t\t\t\t\t<\/span>\n\t\t<\/div>\n\t\t\t\t\t\t<\/div>\n\t\t\t\t<\/div>\n\t\t\t\t<div class=\"elementor-element elementor-element-f55ae13 elementor-widget__width-initial elementor-widget elementor-widget-text-editor\" data-id=\"f55ae13\" data-element_type=\"widget\" data-e-type=\"widget\" data-widget_type=\"text-editor.default\">\n\t\t\t\t<div class=\"elementor-widget-container\">\n\t\t\t\t\t\t\t\t\t<p><strong class=\"text-[#0C2A1C]\">Citizentral S.L.<\/strong><br>Calle Juristas 9<br>46001 Valencia<br>Spain<\/p><p>Commercial Register Valencia<br><span class=\"text-[#987850] font-medium\">Registration Number: B-12345678<\/span><\/p><p>VAT: ES B12345678<\/p><p> <\/p><p class=\"p1\"><span class=\"s1\"><b>RECHTLICHER HINWEIS UND ALLGEMEINE GESCH\u00c4FTSBEDINGUNGEN.<\/b><\/span><\/p><ol class=\"ol1\"><li class=\"li3\"><b>\u00dcBERBLICK<\/b><\/li><\/ol><p class=\"p3\">In \u00dcbereinstimmung mit den Bestimmungen des Gesetzes 34\/2002 vom 11. Juli \u00fcber Dienste der Informationsgesellschaft und den elektronischen Gesch\u00e4ftsverkehr (LSSI-CE) informieren wir Sie, dass diese Website Eigentum von CITIZENTRAL GESTI\u00d3N S.L. ist, mit der Steuernummer CIF B98139900, Anschrift Calle Juristas 9, 46001 Valencia, Tel. und eingetragen im Handelsregister von Valencia, Band 9031, Buch 6316, Blatt 70, Seite V-133821.<\/p><p class=\"p3\">Der Zugriff auf und\/oder die Nutzung der Website verleiht den Status eines Nutzers, der mit diesem Zugriff und\/oder dieser Nutzung die vorliegenden Allgemeinen Nutzungsbedingungen akzeptiert.<\/p><ol class=\"ol1\"><li class=\"li3\"><b>GEISTIGES UND GEWERBLICHES EIGENTUM<\/b><\/li><\/ol><p class=\"p3\">Alle Inhalte der Website (Texte, Fotos, Bilder, Software, Design, Quellcode usw.) sind Eigentum von CITIZENTRAL GESTI\u00d3N S.L. oder Dritten, ohne dass dem Nutzer dadurch irgendwelche der durch die geltenden Vorschriften zum geistigen und gewerblichen Eigentum anerkannten Verwertungsrechte einger\u00e4umt werden.<\/p><p class=\"p3\">Die vollst\u00e4ndige oder teilweise Vervielf\u00e4ltigung der Inhalte der Website ohne ausdr\u00fcckliche schriftliche Genehmigung von CITIZENTRAL GESTI\u00d3N S.L. ist ausdr\u00fccklich untersagt.<\/p><ol class=\"ol1\"><li class=\"li3\"><b>NUTZUNGSBEDINGUNGEN DER WEBSITE<\/b><\/li><\/ol><ol class=\"ol1\"><li style=\"list-style-type: none;\"><ol class=\"ol1\"><li class=\"li3\">Allgemeine Nutzung: Der Nutzer verpflichtet sich, die Website in \u00dcbereinstimmung mit den gesetzlichen Bestimmungen, diesem rechtlichen Hinweis und den Grunds\u00e4tzen von Treu und Glauben zu nutzen. Der Nutzer haftet f\u00fcr alle Sch\u00e4den, die durch die unsachgem\u00e4\u00dfe Nutzung der Website entstehen k\u00f6nnen. <\/li><\/ol><\/li><\/ol><ol class=\"ol1\"><li style=\"list-style-type: none;\"><ol class=\"ol1\"><li class=\"li3\">Inhalt: Der Nutzer verpflichtet sich, die Inhalte der Website nicht f\u00fcr illegale Zwecke oder Zwecke, die gegen Treu und Glauben und die \u00f6ffentliche Ordnung versto\u00dfen, zu nutzen und keine Inhalte zu verbreiten, die die in der Verfassung anerkannten Grundrechte und \u00f6ffentlichen Freiheiten verletzen.<\/li><\/ol><\/li><\/ol><ol class=\"ol1\"><li style=\"list-style-type: none;\"><ol class=\"ol1\"><li class=\"li3\">Formulare: Um auf bestimmte Dienste zugreifen zu k\u00f6nnen, kann es erforderlich sein, Datenerfassungsformulare auszuf\u00fcllen. Der Nutzer garantiert die Richtigkeit, Genauigkeit und Aktualit\u00e4t der angegebenen Daten. CITIZENTRAL GESTI\u00d3N S.L. haftet nicht f\u00fcr die Folgen, die sich aus falschen oder ungenauen Daten ergeben. <\/li><\/ol><\/li><\/ol><ol class=\"ol1\"><li style=\"list-style-type: none;\"><ol class=\"ol1\"><li class=\"li3\">Links: Nutzer, die ihre Website mit dieser Seite verlinken m\u00f6chten, m\u00fcssen die geltenden gesetzlichen Bestimmungen einhalten und d\u00fcrfen nicht:<\/li><\/ol><\/li><\/ol><ul class=\"ul1\"><li class=\"li3\">Die Vervielf\u00e4ltigung der Inhalte dieser Website ohne Genehmigung ist untersagt.<\/li><\/ul><ul class=\"ul1\"><li class=\"li3\">Falsche, ungenaue oder unrichtige Aussagen \u00fcber CITIZENTRAL GESTI\u00d3N S.L. oder deren Dienstleistungen zu machen.<\/li><\/ul><ul class=\"ul1\"><li class=\"li3\">Verwendung der unverwechselbaren Zeichen von CITIZENTRAL GESTI\u00d3N S.L. ohne Genehmigung.<\/li><\/ul><ul class=\"ul1\"><li class=\"li3\">Zeigen Sie den Inhalt dieser Website zusammen mit externen Inhalten an, die zu Verwirrung f\u00fchren k\u00f6nnen.<\/li><\/ul><ol class=\"ol1\"><li class=\"li3\"><b>HAFTUNGSAUSSCHLUSS<\/b><\/li><\/ol><p class=\"p3\">CITIZENTRAL GESTI\u00d3N S.L. haftet in keinem Fall f\u00fcr Sch\u00e4den jeglicher Art, die verursacht werden k\u00f6nnen durch:<\/p><ul class=\"ul1\"><li class=\"li3\">Nichtverf\u00fcgbarkeit der Website.<\/li><\/ul><ul class=\"ul1\"><li class=\"li3\">Vorhandensein von Viren oder anderen sch\u00e4dlichen Elementen.<\/li><\/ul><ul class=\"ul1\"><li class=\"li3\">Eine Nutzung, die rechtswidrig, fahrl\u00e4ssig, betr\u00fcgerisch oder im Widerspruch zu diesem rechtlichen Hinweis steht.<\/li><\/ul><ul class=\"ul1\"><li class=\"li3\">Contents of external linked sites, except in cases where there is actual knowledge of illegality.<\/li><\/ul><ol class=\"ol1\"><li class=\"li3\"><b>RIGHT TO OPT-OUT<\/b><\/li><\/ol><p class=\"p3\">CITIZENTRAL GESTI\u00d3N S.L. beh\u00e4lt sich das Recht vor, Nutzern, die diese Allgemeinen Gesch\u00e4ftsbedingungen nicht einhalten, ohne vorherige Ank\u00fcndigung auf eigenen Wunsch oder auf Wunsch Dritter den Zugang zur Website und\/oder zu den angebotenen Dienstleistungen zu verweigern oder zu entziehen.<\/p><ol class=\"ol1\"><li class=\"li3\"><b>DAUER UND \u00c4NDERUNGEN<\/b><\/li><\/ol><p class=\"p3\">CITIZENTRAL GESTI\u00d3N S.L. kann die hier festgelegten Bedingungen jederzeit \u00e4ndern, wobei diese \u00c4nderungen ordnungsgem\u00e4\u00df ver\u00f6ffentlicht werden, sobald sie hier erscheinen. Die G\u00fcltigkeit der oben genannten Bedingungen h\u00e4ngt von ihrer Ver\u00f6ffentlichung ab und bleibt so lange in Kraft, bis sie durch andere ordnungsgem\u00e4\u00df ver\u00f6ffentlichte Bedingungen ersetzt werden. <\/p><ol class=\"ol1\"><li class=\"li3\"><b>ANWENDBARES RECHT UND GERICHTSSTAND<\/b><\/li><\/ol><p class=\"p3\">Die Beziehung zwischen CITIZENTRAL GESTI\u00d3N S.L. und dem Nutzer unterliegt den geltenden spanischen Rechtsvorschriften. F\u00fcr die Beilegung von Konflikten oder Streitigkeiten, die sich aus dem Zugriff auf die Website oder deren Nutzung ergeben k\u00f6nnen, unterwerfen sich beide Parteien den Gerichten der Stadt Valencia und verzichten ausdr\u00fccklich auf jeden anderen Gerichtsstand, der ihnen zustehen k\u00f6nnte. <\/p>\t\t\t\t\t\t\t\t<\/div>\n\t\t\t\t<\/div>\n\t\t\t\t<div class=\"elementor-element elementor-element-9f992d2 elementor-widget__width-initial elementor-widget elementor-widget-heading\" data-id=\"9f992d2\" data-element_type=\"widget\" data-e-type=\"widget\" data-widget_type=\"heading.default\">\n\t\t\t\t<div class=\"elementor-widget-container\">\n\t\t\t\t\t<h3 class=\"elementor-heading-title elementor-size-default\">Kontakt<\/h3>\t\t\t\t<\/div>\n\t\t\t\t<\/div>\n\t\t\t\t<div class=\"elementor-element elementor-element-29df354 elementor-widget-divider--view-line elementor-widget elementor-widget-divider\" data-id=\"29df354\" data-element_type=\"widget\" data-e-type=\"widget\" data-widget_type=\"divider.default\">\n\t\t\t\t<div class=\"elementor-widget-container\">\n\t\t\t\t\t\t\t<div class=\"elementor-divider\">\n\t\t\t<span class=\"elementor-divider-separator\">\n\t\t\t\t\t\t<\/span>\n\t\t<\/div>\n\t\t\t\t\t\t<\/div>\n\t\t\t\t<\/div>\n\t\t\t\t<div class=\"elementor-element elementor-element-3687018 elementor-align-start elementor-icon-list--layout-traditional elementor-list-item-link-full_width elementor-widget elementor-widget-icon-list\" data-id=\"3687018\" data-element_type=\"widget\" data-e-type=\"widget\" data-widget_type=\"icon-list.default\">\n\t\t\t\t<div class=\"elementor-widget-container\">\n\t\t\t\t\t\t\t<ul class=\"elementor-icon-list-items\">\n\t\t\t\t\t\t\t<li class=\"elementor-icon-list-item\">\n\t\t\t\t\t\t\t\t\t\t\t<a href=\"tel:+34963254247\">\n\n\t\t\t\t\t\t\t\t\t\t\t\t<span class=\"elementor-icon-list-icon\">\n\t\t\t\t\t\t\t<svg aria-hidden=\"true\" class=\"e-font-icon-svg e-fas-phone-alt\" viewBox=\"0 0 512 512\" xmlns=\"http:\/\/www.w3.org\/2000\/svg\"><path d=\"M497.39 361.8l-112-48a24 24 0 0 0-28 6.9l-49.6 60.6A370.66 370.66 0 0 1 130.6 204.11l60.6-49.6a23.94 23.94 0 0 0 6.9-28l-48-112A24.16 24.16 0 0 0 122.6.61l-104 24A24 24 0 0 0 0 48c0 256.5 207.9 464 464 464a24 24 0 0 0 23.4-18.6l24-104a24.29 24.29 0 0 0-14.01-27.6z\"><\/path><\/svg>\t\t\t\t\t\t<\/span>\n\t\t\t\t\t\t\t\t\t\t<span class=\"elementor-icon-list-text\">+34 963 25 42 47<\/span>\n\t\t\t\t\t\t\t\t\t\t\t<\/a>\n\t\t\t\t\t\t\t\t\t<\/li>\n\t\t\t\t\t\t\t\t<li class=\"elementor-icon-list-item\">\n\t\t\t\t\t\t\t\t\t\t\t<a href=\"mailto:info@yoursigna.com\">\n\n\t\t\t\t\t\t\t\t\t\t\t\t<span class=\"elementor-icon-list-icon\">\n\t\t\t\t\t\t\t<svg aria-hidden=\"true\" class=\"e-font-icon-svg e-far-envelope\" viewBox=\"0 0 512 512\" xmlns=\"http:\/\/www.w3.org\/2000\/svg\"><path d=\"M464 64H48C21.49 64 0 85.49 0 112v288c0 26.51 21.49 48 48 48h416c26.51 0 48-21.49 48-48V112c0-26.51-21.49-48-48-48zm0 48v40.805c-22.422 18.259-58.168 46.651-134.587 106.49-16.841 13.247-50.201 45.072-73.413 44.701-23.208.375-56.579-31.459-73.413-44.701C106.18 199.465 70.425 171.067 48 152.805V112h416zM48 400V214.398c22.914 18.251 55.409 43.862 104.938 82.646 21.857 17.205 60.134 55.186 103.062 54.955 42.717.231 80.509-37.199 103.053-54.947 49.528-38.783 82.032-64.401 104.947-82.653V400H48z\"><\/path><\/svg>\t\t\t\t\t\t<\/span>\n\t\t\t\t\t\t\t\t\t\t<span class=\"elementor-icon-list-text\">info@yoursigna.com<\/span>\n\t\t\t\t\t\t\t\t\t\t\t<\/a>\n\t\t\t\t\t\t\t\t\t<\/li>\n\t\t\t\t\t\t<\/ul>\n\t\t\t\t\t\t<\/div>\n\t\t\t\t<\/div>\n\t\t\t\t<div class=\"elementor-element elementor-element-bf03877 elementor-widget__width-initial elementor-widget elementor-widget-heading\" data-id=\"bf03877\" data-element_type=\"widget\" data-e-type=\"widget\" data-widget_type=\"heading.default\">\n\t\t\t\t<div class=\"elementor-widget-container\">\n\t\t\t\t\t<h3 class=\"elementor-heading-title elementor-size-default\">Gesetzliche Vertreter<\/h3>\t\t\t\t<\/div>\n\t\t\t\t<\/div>\n\t\t\t\t<div class=\"elementor-element elementor-element-cfc520f elementor-widget-divider--view-line elementor-widget elementor-widget-divider\" data-id=\"cfc520f\" data-element_type=\"widget\" data-e-type=\"widget\" data-widget_type=\"divider.default\">\n\t\t\t\t<div class=\"elementor-widget-container\">\n\t\t\t\t\t\t\t<div class=\"elementor-divider\">\n\t\t\t<span class=\"elementor-divider-separator\">\n\t\t\t\t\t\t<\/span>\n\t\t<\/div>\n\t\t\t\t\t\t<\/div>\n\t\t\t\t<\/div>\n\t\t\t\t<div class=\"elementor-element elementor-element-9bfc4ed elementor-widget__width-initial elementor-widget elementor-widget-text-editor\" data-id=\"9bfc4ed\" data-element_type=\"widget\" data-e-type=\"widget\" data-widget_type=\"text-editor.default\">\n\t\t\t\t<div class=\"elementor-widget-container\">\n\t\t\t\t\t\t\t\t\t<p>John Doe &#8211; <span class=\"text-[#987850]\">Managing Director<\/span><br>Jane Smith &#8211; <span class=\"text-[#987850]\">Managing Director<\/span><\/p>\t\t\t\t\t\t\t\t<\/div>\n\t\t\t\t<\/div>\n\t\t\t\t<div class=\"elementor-element elementor-element-9bab316 elementor-widget__width-initial elementor-widget elementor-widget-heading\" data-id=\"9bab316\" data-element_type=\"widget\" data-e-type=\"widget\" data-widget_type=\"heading.default\">\n\t\t\t\t<div class=\"elementor-widget-container\">\n\t\t\t\t\t<h3 class=\"elementor-heading-title elementor-size-default\">Konzept &amp; Umsetzung<\/h3>\t\t\t\t<\/div>\n\t\t\t\t<\/div>\n\t\t\t\t<div class=\"elementor-element elementor-element-2ea127f elementor-widget-divider--view-line elementor-widget elementor-widget-divider\" data-id=\"2ea127f\" data-element_type=\"widget\" data-e-type=\"widget\" data-widget_type=\"divider.default\">\n\t\t\t\t<div class=\"elementor-widget-container\">\n\t\t\t\t\t\t\t<div class=\"elementor-divider\">\n\t\t\t<span class=\"elementor-divider-separator\">\n\t\t\t\t\t\t<\/span>\n\t\t<\/div>\n\t\t\t\t\t\t<\/div>\n\t\t\t\t<\/div>\n\t\t<div class=\"elementor-element elementor-element-ebf35ea e-con-full e-flex e-con e-child\" data-id=\"ebf35ea\" data-element_type=\"container\" data-e-type=\"container\" data-settings=\"{&quot;background_background&quot;:&quot;classic&quot;}\">\n\t\t\t\t<div class=\"elementor-element elementor-element-a8cc0e0 elementor-widget elementor-widget-heading\" data-id=\"a8cc0e0\" data-element_type=\"widget\" data-e-type=\"widget\" data-widget_type=\"heading.default\">\n\t\t\t\t<div class=\"elementor-widget-container\">\n\t\t\t\t\t<h2 class=\"elementor-heading-title elementor-size-default\">JMC Hotel Marketing | Online-Marketing und datengest\u00fctztes Wachstum f\u00fcr Hotels<\/h2>\t\t\t\t<\/div>\n\t\t\t\t<\/div>\n\t\t\t\t<div class=\"elementor-element elementor-element-c01d6b2 elementor-align-start elementor-icon-list--layout-traditional elementor-list-item-link-full_width elementor-widget elementor-widget-icon-list\" data-id=\"c01d6b2\" data-element_type=\"widget\" data-e-type=\"widget\" data-widget_type=\"icon-list.default\">\n\t\t\t\t<div class=\"elementor-widget-container\">\n\t\t\t\t\t\t\t<ul class=\"elementor-icon-list-items\">\n\t\t\t\t\t\t\t<li class=\"elementor-icon-list-item\">\n\t\t\t\t\t\t\t\t\t\t\t<a href=\"mailto:info@jmc-hotelmarketing.com\">\n\n\t\t\t\t\t\t\t\t\t\t\t\t<span class=\"elementor-icon-list-icon\">\n\t\t\t\t\t\t\t<svg aria-hidden=\"true\" class=\"e-font-icon-svg e-far-envelope\" viewBox=\"0 0 512 512\" xmlns=\"http:\/\/www.w3.org\/2000\/svg\"><path d=\"M464 64H48C21.49 64 0 85.49 0 112v288c0 26.51 21.49 48 48 48h416c26.51 0 48-21.49 48-48V112c0-26.51-21.49-48-48-48zm0 48v40.805c-22.422 18.259-58.168 46.651-134.587 106.49-16.841 13.247-50.201 45.072-73.413 44.701-23.208.375-56.579-31.459-73.413-44.701C106.18 199.465 70.425 171.067 48 152.805V112h416zM48 400V214.398c22.914 18.251 55.409 43.862 104.938 82.646 21.857 17.205 60.134 55.186 103.062 54.955 42.717.231 80.509-37.199 103.053-54.947 49.528-38.783 82.032-64.401 104.947-82.653V400H48z\"><\/path><\/svg>\t\t\t\t\t\t<\/span>\n\t\t\t\t\t\t\t\t\t\t<span class=\"elementor-icon-list-text\">info@jmc-hotelmarketing.com<\/span>\n\t\t\t\t\t\t\t\t\t\t\t<\/a>\n\t\t\t\t\t\t\t\t\t<\/li>\n\t\t\t\t\t\t\t\t<li class=\"elementor-icon-list-item\">\n\t\t\t\t\t\t\t\t\t\t\t<a href=\"https:\/\/www.jmc-hotelmarketing.com\">\n\n\t\t\t\t\t\t\t\t\t\t\t\t<span class=\"elementor-icon-list-icon\">\n\t\t\t\t\t\t\t<svg aria-hidden=\"true\" class=\"e-font-icon-svg e-fas-home\" viewBox=\"0 0 576 512\" xmlns=\"http:\/\/www.w3.org\/2000\/svg\"><path d=\"M280.37 148.26L96 300.11V464a16 16 0 0 0 16 16l112.06-.29a16 16 0 0 0 15.92-16V368a16 16 0 0 1 16-16h64a16 16 0 0 1 16 16v95.64a16 16 0 0 0 16 16.05L464 480a16 16 0 0 0 16-16V300L295.67 148.26a12.19 12.19 0 0 0-15.3 0zM571.6 251.47L488 182.56V44.05a12 12 0 0 0-12-12h-56a12 12 0 0 0-12 12v72.61L318.47 43a48 48 0 0 0-61 0L4.34 251.47a12 12 0 0 0-1.6 16.9l25.5 31A12 12 0 0 0 45.15 301l235.22-193.74a12.19 12.19 0 0 1 15.3 0L530.9 301a12 12 0 0 0 16.9-1.6l25.5-31a12 12 0 0 0-1.7-16.93z\"><\/path><\/svg>\t\t\t\t\t\t<\/span>\n\t\t\t\t\t\t\t\t\t\t<span class=\"elementor-icon-list-text\">www.jmc-hotelmarketing.com<\/span>\n\t\t\t\t\t\t\t\t\t\t\t<\/a>\n\t\t\t\t\t\t\t\t\t<\/li>\n\t\t\t\t\t\t<\/ul>\n\t\t\t\t\t\t<\/div>\n\t\t\t\t<\/div>\n\t\t\t\t<div class=\"elementor-element elementor-element-053a648 elementor-widget elementor-widget-text-editor\" data-id=\"053a648\" data-element_type=\"widget\" data-e-type=\"widget\" data-widget_type=\"text-editor.default\">\n\t\t\t\t<div class=\"elementor-widget-container\">\n\t\t\t\t\t\t\t\t\t<div class=\"mb-12\"><div class=\"bg-gradient-to-br from-gray-50 to-gray-100 p-8 rounded-lg border-l-4 border-[#987850]\"><div class=\"space-y-6 text-gray-700\"><p class=\"text-lg leading-relaxed\">JMC Hotel Marketing ist auf die Hotellerie in Europa spezialisiert. Unser Fokus: Online-Marketing, datengest\u00fctzte Strategien und nachhaltige Steigerung der Direktbuchungen. Mit fundierten Kenntnissen \u00fcber die Customer Journey und Tracking-L\u00f6sungen unterst\u00fctzen wir familiengef\u00fchrte Unterk\u00fcnfte, Boutique-Hotels und gr\u00f6\u00dfere Betriebe dabei, unabh\u00e4ngiger von Drittanbietern zu werden.  <\/p><p class=\"text-lg leading-relaxed\">Unsere Dienstleistungen umfassen die Konzeption, Gestaltung und Verwaltung von Websites mit hoher Konversionsrate, die Umsetzung von Google- und Social-Media-Kampagnen, Tracking und Analysen, umsatzorientierte Beratung sowie datenbasiertes Neuromarketing. Hotels profitieren von einer ganzheitlichen Strategie, die Marketing, Vertrieb und G\u00e4stepsychologie miteinander verbindet. <\/p><p class=\"text-lg leading-relaxed\">Mehr als eine Marketingagentur: JMC Hotel Marketing begleitet Hotels als langfristiger Partner mit klaren Zahlen, messbaren Erfolgen und innovativen Ans\u00e4tzen, die weit \u00fcber reines Online-Marketing hinausgehen. Unser Ziel: mehr Sichtbarkeit, mehr Direktbuchungen, mehr Unabh\u00e4ngigkeit von OTAs. <\/p><\/div><\/div><\/div><div class=\"mb-12\"> <\/div>\t\t\t\t\t\t\t\t<\/div>\n\t\t\t\t<\/div>\n\t\t\t\t<\/div>\n\t\t\t\t<div class=\"elementor-element elementor-element-5190ce3 elementor-widget__width-initial elementor-widget elementor-widget-heading\" data-id=\"5190ce3\" data-element_type=\"widget\" data-e-type=\"widget\" data-widget_type=\"heading.default\">\n\t\t\t\t<div class=\"elementor-widget-container\">\n\t\t\t\t\t<h3 class=\"elementor-heading-title elementor-size-default\">Haftungsausschluss<\/h3>\t\t\t\t<\/div>\n\t\t\t\t<\/div>\n\t\t\t\t<div class=\"elementor-element elementor-element-5bc0ae3 elementor-widget-divider--view-line elementor-widget elementor-widget-divider\" data-id=\"5bc0ae3\" data-element_type=\"widget\" data-e-type=\"widget\" data-widget_type=\"divider.default\">\n\t\t\t\t<div class=\"elementor-widget-container\">\n\t\t\t\t\t\t\t<div class=\"elementor-divider\">\n\t\t\t<span class=\"elementor-divider-separator\">\n\t\t\t\t\t\t<\/span>\n\t\t<\/div>\n\t\t\t\t\t\t<\/div>\n\t\t\t\t<\/div>\n\t\t\t\t<div class=\"elementor-element elementor-element-ebc2d42 elementor-widget elementor-widget-text-editor\" data-id=\"ebc2d42\" data-element_type=\"widget\" data-e-type=\"widget\" data-widget_type=\"text-editor.default\">\n\t\t\t\t<div class=\"elementor-widget-container\">\n\t\t\t\t\t\t\t\t\t<div class=\"mb-12\"><div class=\"bg-gradient-to-br from-gray-50 to-gray-100 p-8 rounded-lg border-l-4 border-[#987850]\"><div class=\"space-y-6 text-gray-700\"><div><h3 class=\"text-2xl font-semibold text-[#0C2A1C] mb-4\">Haftung f\u00fcr Inhalte<\/h3><div class=\"bg-gray-50 p-6 rounded-lg\"><p class=\"text-lg leading-relaxed text-gray-700\">Die Inhalte unserer Seiten wurden mit gr\u00f6\u00dfter Sorgfalt erstellt. F\u00fcr die Richtigkeit, Vollst\u00e4ndigkeit und Aktualit\u00e4t der Inhalte k\u00f6nnen wir jedoch keine Gew\u00e4hr \u00fcbernehmen. Als Diensteanbieter sind wir f\u00fcr unsere eigenen Inhalte auf diesen Seiten nach den allgemeinen Gesetzen verantwortlich. Wir sind jedoch nicht verpflichtet, \u00fcbermittelte oder gespeicherte fremde Informationen zu \u00fcberwachen oder nach Umst\u00e4nden zu forschen, die auf eine rechtswidrige T\u00e4tigkeit hinweisen.   <\/p><\/div><\/div><div><h3 class=\"text-2xl font-semibold text-[#0C2A1C] mb-4\">Liability for Links<\/h3><div class=\"bg-gray-50 p-6 rounded-lg\"><p class=\"text-lg leading-relaxed text-gray-700\">Unser Angebot enth\u00e4lt Links zu externen Websites Dritter, auf deren Inhalte wir keinen Einfluss haben. Deshalb k\u00f6nnen wir f\u00fcr diese fremden Inhalte auch keine Gew\u00e4hr \u00fcbernehmen. F\u00fcr die Inhalte der verlinkten Seiten ist stets der jeweilige Anbieter oder Betreiber der Seiten verantwortlich. Die verlinkten Seiten wurden zum Zeitpunkt der Verlinkung auf m\u00f6gliche Rechtsverst\u00f6\u00dfe \u00fcberpr\u00fcft. Rechtswidrige Inhalte waren zum Zeitpunkt der Verlinkung nicht erkennbar.    <\/p><\/div><\/div><div><h3 class=\"text-2xl font-semibold text-[#0C2A1C] mb-4\">Copyright<\/h3><div class=\"bg-gray-50 p-6 rounded-lg\"><p class=\"text-lg leading-relaxed text-gray-700\">Die durch die Seitenbetreiber erstellten Inhalte und Werke auf diesen Seiten unterliegen dem spanischen Urheberrecht. Die Vervielf\u00e4ltigung, Bearbeitung, Verbreitung und jede Art der Verwertung au\u00dferhalb der Grenzen des Urheberrechts bed\u00fcrfen der schriftlichen Zustimmung des jeweiligen Autors bzw. Erstellers. Downloads und Kopien dieser Seite sind nur f\u00fcr den privaten, nicht kommerziellen Gebrauch gestattet.  <br><br>Last updated: Mai 2025<\/p><\/div><\/div><\/div><\/div><\/div>\t\t\t\t\t\t\t\t<\/div>\n\t\t\t\t<\/div>\n\t\t\t\t\t<\/div>\n\t\t\t\t<\/div>\n\t\t\t\t<\/div>\n\t\t","protected":false},"excerpt":{"rendered":"<p>Impressum WILLKOMMEN Firmen Informationen Citizentral S.L.Calle Juristas 946001 ValenciaSpain Commercial Register ValenciaRegistration Number: B-12345678 VAT: ES B12345678 RECHTLICHER HINWEIS UND ALLGEMEINE GESCH\u00c4FTSBEDINGUNGEN. \u00dcBERBLICK In \u00dcbereinstimmung mit den Bestimmungen des Gesetzes 34\/2002 vom 11. Juli \u00fcber Dienste der Informationsgesellschaft und den elektronischen Gesch\u00e4ftsverkehr (LSSI-CE) informieren wir Sie, dass diese Website Eigentum von CITIZENTRAL GESTI\u00d3N S.L. ist, [&hellip;]<\/p>\n","protected":false},"author":1,"featured_media":0,"parent":0,"menu_order":0,"comment_status":"closed","ping_status":"closed","template":"","meta":{"footnotes":""},"class_list":["post-1063","page","type-page","status-publish","hentry"],"_links":{"self":[{"href":"https:\/\/yoursigna.com\/de\/wp-json\/wp\/v2\/pages\/1063","targetHints":{"allow":["GET"]}}],"collection":[{"href":"https:\/\/yoursigna.com\/de\/wp-json\/wp\/v2\/pages"}],"about":[{"href":"https:\/\/yoursigna.com\/de\/wp-json\/wp\/v2\/types\/page"}],"author":[{"embeddable":true,"href":"https:\/\/yoursigna.com\/de\/wp-json\/wp\/v2\/users\/1"}],"replies":[{"embeddable":true,"href":"https:\/\/yoursigna.com\/de\/wp-json\/wp\/v2\/comments?post=1063"}],"version-history":[{"count":0,"href":"https:\/\/yoursigna.com\/de\/wp-json\/wp\/v2\/pages\/1063\/revisions"}],"wp:attachment":[{"href":"https:\/\/yoursigna.com\/de\/wp-json\/wp\/v2\/media?parent=1063"}],"curies":[{"name":"wp","href":"https:\/\/api.w.org\/{rel}","templated":true}]}}