{"id":1078,"date":"2025-10-29T18:24:24","date_gmt":"2025-10-29T18:24:24","guid":{"rendered":"https:\/\/yoursigna.com\/nutzungsbedingungen\/"},"modified":"2025-11-09T20:01:48","modified_gmt":"2025-11-09T20:01:48","slug":"nutzungsbedingungen","status":"publish","type":"page","link":"https:\/\/yoursigna.com\/de\/nutzungsbedingungen\/","title":{"rendered":"Nutzungsbedingungen"},"content":{"rendered":"\t\t<div data-elementor-type=\"wp-page\" data-elementor-id=\"1078\" class=\"elementor elementor-1078 elementor-607\" data-elementor-post-type=\"page\">\n\t\t\t\t<div class=\"elementor-element elementor-element-996c949 e-flex e-con-boxed e-con e-parent\" data-id=\"996c949\" data-element_type=\"container\" data-e-type=\"container\" data-settings=\"{&quot;background_background&quot;:&quot;classic&quot;}\">\n\t\t\t\t\t<div class=\"e-con-inner\">\n\t\t\t\t<div class=\"elementor-element elementor-element-e1142c3 elementor-widget elementor-widget-heading\" data-id=\"e1142c3\" data-element_type=\"widget\" data-e-type=\"widget\" data-widget_type=\"heading.default\">\n\t\t\t\t<div class=\"elementor-widget-container\">\n\t\t\t\t\t<h2 class=\"elementor-heading-title elementor-size-default\">RECHTLICHER HINWEIS<\/h2>\t\t\t\t<\/div>\n\t\t\t\t<\/div>\n\t\t\t\t<div class=\"elementor-element elementor-element-7e09c20 elementor-widget-divider--view-line elementor-widget elementor-widget-divider\" data-id=\"7e09c20\" data-element_type=\"widget\" data-e-type=\"widget\" data-widget_type=\"divider.default\">\n\t\t\t\t<div class=\"elementor-widget-container\">\n\t\t\t\t\t\t\t<div class=\"elementor-divider\">\n\t\t\t<span class=\"elementor-divider-separator\">\n\t\t\t\t\t\t<\/span>\n\t\t<\/div>\n\t\t\t\t\t\t<\/div>\n\t\t\t\t<\/div>\n\t\t\t\t\t<\/div>\n\t\t\t\t<\/div>\n\t\t<div class=\"elementor-element elementor-element-1b0d363 e-flex e-con-boxed e-con e-parent\" data-id=\"1b0d363\" data-element_type=\"container\" data-e-type=\"container\">\n\t\t\t\t\t<div class=\"e-con-inner\">\n\t\t\t\t<div class=\"elementor-element elementor-element-35bc58a elementor-widget elementor-widget-text-editor\" data-id=\"35bc58a\" data-element_type=\"widget\" data-e-type=\"widget\" data-widget_type=\"text-editor.default\">\n\t\t\t\t<div class=\"elementor-widget-container\">\n\t\t\t\t\t\t\t\t\t<p>WILLKOMMEN<\/p>\t\t\t\t\t\t\t\t<\/div>\n\t\t\t\t<\/div>\n\t\t\t\t<div class=\"elementor-element elementor-element-0ad3aa4 elementor-widget__width-initial elementor-widget elementor-widget-heading\" data-id=\"0ad3aa4\" data-element_type=\"widget\" data-e-type=\"widget\" data-widget_type=\"heading.default\">\n\t\t\t\t<div class=\"elementor-widget-container\">\n\t\t\t\t\t<h3 class=\"elementor-heading-title elementor-size-default\">Rechtliche Hinweise und Allgemeine Gesch\u00e4ftsbedingungen<\/h3>\t\t\t\t<\/div>\n\t\t\t\t<\/div>\n\t\t\t\t<div class=\"elementor-element elementor-element-868c1f7 elementor-widget-divider--view-line elementor-widget elementor-widget-divider\" data-id=\"868c1f7\" data-element_type=\"widget\" data-e-type=\"widget\" data-widget_type=\"divider.default\">\n\t\t\t\t<div class=\"elementor-widget-container\">\n\t\t\t\t\t\t\t<div class=\"elementor-divider\">\n\t\t\t<span class=\"elementor-divider-separator\">\n\t\t\t\t\t\t<\/span>\n\t\t<\/div>\n\t\t\t\t\t\t<\/div>\n\t\t\t\t<\/div>\n\t\t\t\t<div class=\"elementor-element elementor-element-9b179c2 elementor-widget__width-initial elementor-widget elementor-widget-text-editor\" data-id=\"9b179c2\" data-element_type=\"widget\" data-e-type=\"widget\" data-widget_type=\"text-editor.default\">\n\t\t\t\t<div class=\"elementor-widget-container\">\n\t\t\t\t\t\t\t\t\t<div class=\"p-pdf_iframe__page\" aria-label=\"Seite 1\" data-page-number=\"1\"><div class=\"textLayer\"><span dir=\"ltr\" role=\"presentation\">1.<\/span> <strong><span dir=\"ltr\" role=\"presentation\">\u00dcBERBLICK<\/span><\/strong><br role=\"presentation\"><span dir=\"ltr\" role=\"presentation\">In \u00dcbereinstimmung mit den Bestimmungen des Gesetzes 34\/2002 vom 11. Juli \u00fcber Information<\/span><br role=\"presentation\"><span dir=\"ltr\" role=\"presentation\">Gesellschaft f\u00fcr Dienstleistungen und elektronischen Handel (LSSI-CE) informieren wir Sie dar\u00fcber, dass<\/span><br role=\"presentation\">Diese Website ist Eigentum von CITIZENTRAL GESTI\u00d3N S.L. mit der Steuernummer CIF B98139900.<br role=\"presentation\"><span dir=\"ltr\" role=\"presentation\">Adresse: Calle Juristas 9, 46001 Valencia, Tel. und eingetragen im <\/span><br role=\"presentation\"><span dir=\"ltr\" role=\"presentation\">Handelsregister von Valencia, Band 9031, Buch 6316, Folio 70, Seite<\/span><br role=\"presentation\"><span dir=\"ltr\" role=\"presentation\">V-133821.<\/span><br role=\"presentation\"><span dir=\"ltr\" role=\"presentation\">Der Zugriff auf und\/oder die Nutzung der Website verleiht den Status eines Nutzers, der Folgendes akzeptiert<\/span><br role=\"presentation\"><span dir=\"ltr\" role=\"presentation\">these General Conditions of Use from such access and\/or use.<\/span><br role=\"presentation\"><span dir=\"ltr\" role=\"presentation\"><br>2.<\/span> <strong><span dir=\"ltr\" role=\"presentation\">GEISTIGES UND GEWERBLICHES EIGENTUM<\/span><\/strong><br role=\"presentation\"><span dir=\"ltr\" role=\"presentation\">Der gesamte Inhalt der Website (Texte, Fotos, Bilder, Software, Design,<\/span><br role=\"presentation\">Quellcode usw.) sind Eigentum von CITIZENTRAL GESTI\u00d3N S.L. oder Dritten.<br role=\"presentation\"><span dir=\"ltr\" role=\"presentation\">Parteien, ohne dass damit ein Recht des Nutzers einger\u00e4umt wird,<\/span><br role=\"presentation\"><span dir=\"ltr\" role=\"presentation\">Nutzungsrechte, die durch die geltenden Vorschriften zum geistigen Eigentum und<\/span><br role=\"presentation\"><span dir=\"ltr\" role=\"presentation\">gewerbliches Eigentum.<\/span><br role=\"presentation\"><span dir=\"ltr\" role=\"presentation\">Die vollst\u00e4ndige oder teilweise Vervielf\u00e4ltigung der Inhalte der Website ohne die<\/span><br role=\"presentation\">die ausdr\u00fcckliche schriftliche Genehmigung von CITIZENTRAL GESTI\u00d3N S.L. ist ausdr\u00fccklich<br role=\"presentation\"><span dir=\"ltr\" role=\"presentation\">prohibited.<\/span><span dir=\"ltr\" role=\"presentation\">.<\/span><br role=\"presentation\"><span dir=\"ltr\" role=\"presentation\"><br>3.<\/span> <strong><span dir=\"ltr\" role=\"presentation\">NUTZUNGSBEDINGUNGEN DER WEBSITE<\/span><\/strong><br role=\"presentation\"><strong><span dir=\"ltr\" role=\"presentation\">3.1.<\/span> <\/strong><span dir=\"ltr\" role=\"presentation\">Allgemeine Nutzung: Der Nutzer verpflichtet sich, die Website in \u00dcbereinstimmung mit<\/span><br role=\"presentation\"><span dir=\"ltr\" role=\"presentation\">dem Gesetz, diesen rechtlichen Hinweis und die Grunds\u00e4tze von Treu und Glauben. Der Nutzer <\/span><br role=\"presentation\"><span dir=\"ltr\" role=\"presentation\">haftet f\u00fcr alle Sch\u00e4den, die durch unsachgem\u00e4\u00dfen Gebrauch verursacht werden k\u00f6nnen.<\/span><br role=\"presentation\"><span dir=\"ltr\" role=\"presentation\">desselben.<\/span><br role=\"presentation\"><strong><span dir=\"ltr\" role=\"presentation\">3.2.<\/span><\/strong> <span dir=\"ltr\" role=\"presentation\">Inhalt: Der Nutzer verpflichtet sich, die Inhalte der Website nicht zu verwenden.<\/span><br role=\"presentation\"><span dir=\"ltr\" role=\"presentation\">f\u00fcr illegale Zwecke oder mit illegalen Auswirkungen oder entgegen Treu und Glauben und der \u00f6ffentlichen Ordnung,<\/span><br role=\"presentation\"><span dir=\"ltr\" role=\"presentation\">noch Inhalte zu verbreiten, die die Grundrechte verletzen und<\/span><br role=\"presentation\"><span dir=\"ltr\" role=\"presentation\">durch die Verfassung anerkannte \u00f6ffentliche Freiheiten.<\/span><br role=\"presentation\"><strong><span dir=\"ltr\" role=\"presentation\">3.3.<\/span><\/strong> <span dir=\"ltr\" role=\"presentation\">Formulare: Um auf bestimmte Dienste zugreifen zu k\u00f6nnen, kann es erforderlich sein,<\/span><br role=\"presentation\"><span dir=\"ltr\" role=\"presentation\">die Datenerfassungsformulare vollst\u00e4ndig ausf\u00fcllen. Der Nutzer garantiert die Richtigkeit, <\/span><br role=\"presentation\"><span dir=\"ltr\" role=\"presentation\">Genauigkeit und Aktualit\u00e4t der bereitgestellten Daten. <\/span><span dir=\"ltr\" role=\"presentation\">CITIZENTRAL<\/span><br role=\"presentation\">GESTI\u00d3N S.L. haftet nicht f\u00fcr die Folgen, die sich daraus ergeben.<br role=\"presentation\"><span dir=\"ltr\" role=\"presentation\">falsche oder ungenaue Daten.<\/span><\/div><div class=\"annotationLayer\">3.4. Links: Nutzer, die ihre Website mit dieser Seite verlinken m\u00f6chten, m\u00fcssen die geltenden gesetzlichen Bestimmungen einhalten und d\u00fcrfen den Inhalt dieser Website nicht ohne Genehmigung reproduzieren.<\/div><\/div><div class=\"p-pdf_iframe__page\" aria-label=\"Seite 2\" data-page-number=\"2\"><p>Falsche, ungenaue oder unrichtige Aussagen \u00fcber<br role=\"presentation\">CITIZENTRAL GESTI\u00d3N S.L. oder seine Dienstleistungen.<\/p><p>Verwendung der Kennzeichen von CITIZENTRAL GESTI\u00d3N S.L. ohne<br role=\"presentation\">Genehmigung.<\/p><p>Den Inhalt dieser Website zusammen mit externen Inhalten anzeigen,<br role=\"presentation\"> was zu Verwirrung f\u00fchren kann.<\/p><p>4. HAFTUNGSAUSSCHLUSS<br role=\"presentation\">CITIZENTRAL GESTI\u00d3N S.L. haftet in keinem Fall f\u00fcr Sch\u00e4den<br role=\"presentation\">jeglicher Art, die verursacht werden k\u00f6nnen durch:<\/p><p><span dir=\"ltr\" role=\"presentation\">Nichtverf\u00fcgbarkeit der Website.<\/span><\/p><p><span dir=\"ltr\" role=\"presentation\">Vorhandensein von Viren oder anderen sch\u00e4dlichen Elementen.<\/span><\/p><p>Eine Nutzung, die rechtswidrig, fahrl\u00e4ssig oder betr\u00fcgerisch ist oder gegen diesen rechtlichen<br role=\"presentation\">Hinweis verst\u00f6\u00dft, ist unzul\u00e4ssig.<\/p><p>Inhalte externer verlinkter Seiten, au\u00dfer in F\u00e4llen, in denen tats\u00e4chliche<br role=\"presentation\">Kenntnis von Rechtswidrigkeiten vorliegt.<\/p><p>5. RECHT AUF ABMELDUNG<br role=\"presentation\">CITIZENTRAL GESTI\u00d3N S.L. beh\u00e4lt sich das Recht vor,<br role=\"presentation\">den Zugang zur Website und\/oder zu den angebotenen Dienstleistungen ohne vorherige Ank\u00fcndigung auf eigenen Wunsch oder auf Wunsch Dritter<br role=\"presentation\">jenen Nutzern zu verweigern oder zu entziehen, die diese<br role=\"presentation\">allgemeinen Bedingungen nicht einhalten. <\/p><p>6. DAUER UND \u00c4NDERUNGEN<br role=\"presentation\">CITIZENTRAL GESTI\u00d3N S.L. <\/p><p> Sie k\u00f6nnen die hier festgelegten Bedingungen<br role=\"presentation\">jederzeit \u00e4ndern, sofern sie ordnungsgem\u00e4\u00df wie hier ver\u00f6ffentlicht werden. Die G\u00fcltigkeit der<br role=\"presentation\">vorgenannten Bedingungen h\u00e4ngt von ihrer Ver\u00f6ffentlichung ab und bleibt<br role=\"presentation\">bis zu ihrer \u00c4nderung durch andere ordnungsgem\u00e4\u00df ver\u00f6ffentlichte Bedingungen in Kraft.<\/p><div class=\"annotationLayer\"><strong>7. ANWENDBARES RECHT UND GERICHTSSTAND<\/strong><\/div><\/div><div class=\"p-pdf_iframe__page\" aria-label=\"Seite 3\" data-page-number=\"3\"><div class=\"textLayer\">Die Beziehung zwischen CITIZENTRAL GESTI\u00d3N S.L. und dem Nutzer unterliegt<br role=\"presentation\">den geltenden spanischen Rechtsvorschriften. F\u00fcr die Beilegung von Konflikten<br role=\"presentation\">oder Streitigkeiten, die sich aus dem Zugriff auf die Website oder deren Nutzung ergeben k\u00f6nnen, unterwerfen sich beide<br role=\"presentation\">Parteien den Gerichten der Stadt Valencia und verzichten ausdr\u00fccklich<br role=\"presentation\">auf jeden anderen Gerichtsstand, der ihnen zustehen k\u00f6nnte.<\/div><\/div>\t\t\t\t\t\t\t\t<\/div>\n\t\t\t\t<\/div>\n\t\t\t\t<div class=\"elementor-element elementor-element-57c14e9 elementor-widget__width-initial elementor-widget elementor-widget-heading\" data-id=\"57c14e9\" data-element_type=\"widget\" data-e-type=\"widget\" data-widget_type=\"heading.default\">\n\t\t\t\t<div class=\"elementor-widget-container\">\n\t\t\t\t\t<h3 class=\"elementor-heading-title elementor-size-default\">Kontakt<\/h3>\t\t\t\t<\/div>\n\t\t\t\t<\/div>\n\t\t\t\t<div class=\"elementor-element elementor-element-caa3800 elementor-widget-divider--view-line elementor-widget elementor-widget-divider\" data-id=\"caa3800\" data-element_type=\"widget\" data-e-type=\"widget\" data-widget_type=\"divider.default\">\n\t\t\t\t<div class=\"elementor-widget-container\">\n\t\t\t\t\t\t\t<div class=\"elementor-divider\">\n\t\t\t<span class=\"elementor-divider-separator\">\n\t\t\t\t\t\t<\/span>\n\t\t<\/div>\n\t\t\t\t\t\t<\/div>\n\t\t\t\t<\/div>\n\t\t\t\t<div class=\"elementor-element elementor-element-13d5811 elementor-align-start elementor-icon-list--layout-traditional elementor-list-item-link-full_width elementor-widget elementor-widget-icon-list\" data-id=\"13d5811\" data-element_type=\"widget\" data-e-type=\"widget\" data-widget_type=\"icon-list.default\">\n\t\t\t\t<div class=\"elementor-widget-container\">\n\t\t\t\t\t\t\t<ul class=\"elementor-icon-list-items\">\n\t\t\t\t\t\t\t<li class=\"elementor-icon-list-item\">\n\t\t\t\t\t\t\t\t\t\t\t<a href=\"tel:+34963254247\">\n\n\t\t\t\t\t\t\t\t\t\t\t\t<span class=\"elementor-icon-list-icon\">\n\t\t\t\t\t\t\t<svg aria-hidden=\"true\" class=\"e-font-icon-svg e-fas-phone-alt\" viewBox=\"0 0 512 512\" xmlns=\"http:\/\/www.w3.org\/2000\/svg\"><path d=\"M497.39 361.8l-112-48a24 24 0 0 0-28 6.9l-49.6 60.6A370.66 370.66 0 0 1 130.6 204.11l60.6-49.6a23.94 23.94 0 0 0 6.9-28l-48-112A24.16 24.16 0 0 0 122.6.61l-104 24A24 24 0 0 0 0 48c0 256.5 207.9 464 464 464a24 24 0 0 0 23.4-18.6l24-104a24.29 24.29 0 0 0-14.01-27.6z\"><\/path><\/svg>\t\t\t\t\t\t<\/span>\n\t\t\t\t\t\t\t\t\t\t<span class=\"elementor-icon-list-text\">+34 963 25 42 47<\/span>\n\t\t\t\t\t\t\t\t\t\t\t<\/a>\n\t\t\t\t\t\t\t\t\t<\/li>\n\t\t\t\t\t\t\t\t<li class=\"elementor-icon-list-item\">\n\t\t\t\t\t\t\t\t\t\t\t<a href=\"mailto:info@yoursigna.com\">\n\n\t\t\t\t\t\t\t\t\t\t\t\t<span class=\"elementor-icon-list-icon\">\n\t\t\t\t\t\t\t<svg aria-hidden=\"true\" class=\"e-font-icon-svg e-far-envelope\" viewBox=\"0 0 512 512\" xmlns=\"http:\/\/www.w3.org\/2000\/svg\"><path d=\"M464 64H48C21.49 64 0 85.49 0 112v288c0 26.51 21.49 48 48 48h416c26.51 0 48-21.49 48-48V112c0-26.51-21.49-48-48-48zm0 48v40.805c-22.422 18.259-58.168 46.651-134.587 106.49-16.841 13.247-50.201 45.072-73.413 44.701-23.208.375-56.579-31.459-73.413-44.701C106.18 199.465 70.425 171.067 48 152.805V112h416zM48 400V214.398c22.914 18.251 55.409 43.862 104.938 82.646 21.857 17.205 60.134 55.186 103.062 54.955 42.717.231 80.509-37.199 103.053-54.947 49.528-38.783 82.032-64.401 104.947-82.653V400H48z\"><\/path><\/svg>\t\t\t\t\t\t<\/span>\n\t\t\t\t\t\t\t\t\t\t<span class=\"elementor-icon-list-text\">info@yoursigna.com<\/span>\n\t\t\t\t\t\t\t\t\t\t\t<\/a>\n\t\t\t\t\t\t\t\t\t<\/li>\n\t\t\t\t\t\t<\/ul>\n\t\t\t\t\t\t<\/div>\n\t\t\t\t<\/div>\n\t\t\t\t\t<\/div>\n\t\t\t\t<\/div>\n\t\t\t\t<\/div>\n\t\t","protected":false},"excerpt":{"rendered":"<p>RECHTLICHER HINWEIS WILLKOMMEN Rechtliche Hinweise und Allgemeine Gesch\u00e4ftsbedingungen 1. \u00dcBERBLICKIn \u00dcbereinstimmung mit den Bestimmungen des Gesetzes 34\/2002 vom 11. Juli \u00fcber InformationGesellschaft f\u00fcr Dienstleistungen und elektronischen Handel (LSSI-CE) informieren wir Sie dar\u00fcber, dassDiese Website ist Eigentum von CITIZENTRAL GESTI\u00d3N S.L. mit der Steuernummer CIF B98139900.Adresse: Calle Juristas 9, 46001 Valencia, Tel. und eingetragen im Handelsregister [&hellip;]<\/p>\n","protected":false},"author":1,"featured_media":0,"parent":0,"menu_order":0,"comment_status":"closed","ping_status":"closed","template":"","meta":{"footnotes":""},"class_list":["post-1078","page","type-page","status-publish","hentry"],"_links":{"self":[{"href":"https:\/\/yoursigna.com\/de\/wp-json\/wp\/v2\/pages\/1078","targetHints":{"allow":["GET"]}}],"collection":[{"href":"https:\/\/yoursigna.com\/de\/wp-json\/wp\/v2\/pages"}],"about":[{"href":"https:\/\/yoursigna.com\/de\/wp-json\/wp\/v2\/types\/page"}],"author":[{"embeddable":true,"href":"https:\/\/yoursigna.com\/de\/wp-json\/wp\/v2\/users\/1"}],"replies":[{"embeddable":true,"href":"https:\/\/yoursigna.com\/de\/wp-json\/wp\/v2\/comments?post=1078"}],"version-history":[{"count":0,"href":"https:\/\/yoursigna.com\/de\/wp-json\/wp\/v2\/pages\/1078\/revisions"}],"wp:attachment":[{"href":"https:\/\/yoursigna.com\/de\/wp-json\/wp\/v2\/media?parent=1078"}],"curies":[{"name":"wp","href":"https:\/\/api.w.org\/{rel}","templated":true}]}}